{"id":448,"date":"2019-08-23T15:25:27","date_gmt":"2019-08-23T15:25:27","guid":{"rendered":"https:\/\/apexkarate.ca\/?page_id=448"},"modified":"2025-08-12T20:53:30","modified_gmt":"2025-08-12T20:53:30","slug":"horaires","status":"publish","type":"page","link":"https:\/\/apexkarate.ca\/fr\/horaires\/","title":{"rendered":"Horaires"},"content":{"rendered":"<section class=\"top_container\">\n<div class=\"container\">\n<div class=\"row\">\n<div class=\"col-md-12\">\n<div class=\"lc-block\">\n<div class=\"h1_div_horaire\">\n<h1>Horaire<\/h1>\n<\/p><\/div>\n<\/p><\/div>\n<\/p><\/div>\n<\/p><\/div>\n<\/p><\/div>\n<\/section>\n<section class=\"pt-5\">\n<div class=\"container\">\n<div class=\"row\">\n<div class=\"col-12 d-flex flex-column\">\n<div class=\"lc-block order-first text-center\">\n<div lc-helper=\"shortcode\" class=\"live-shortcode\"><div class=\"addthis_inline_share_toolbox\"><\/div><\/div>\n<\/p><\/div>\n<div class=\"lc-block d-flex justify-content-center order-lg-first order-last mb-4\"> <img decoding=\"async\" class=\"img-fluid jetpack-lazy-image\" src=\"https:\/\/apexkarate.ca\/wp-content\/uploads\/2024\/08\/Horaire-saison-2024-2025-v3.jpg\" alt=\"\" data-lazy-src=\"https:\/\/apexkarate.ca\/wp-content\/uploads\/2023\/08\/horraire_cropped.jpg?is-pending-load=1\" srcset=\"data:image\/gif;base64,R0lGODlhAQABAIAAAAAAAP\/\/\/yH5BAEAAAAALAAAAAABAAEAAAIBRAA7\"><noscript>&amp;lt;img data-lazy-fallback=\u00a0\u00bb1&Prime; class=\u00a0\u00bbimg-fluid\u00a0\u00bb src=\u00a0\u00bbhttps:\/\/apexkarate.ca\/wp-content\/uploads\/2023\/08\/horraire_cropped.jpg\u00a0\u00bb alt=\u00a0\u00bb\u00a0\u00bb&amp;gt;<\/noscript><\/div>\n<div class=\"order-lg-last\">\n<h3 style=\"text-decoration:underline;\">Horraire de OPEN GYM Cross training<\/h3>\n<p>Mardi et Jeudi de 12h \u00e0 12h45<\/p>\n<p>Lundi et Mercredi de 17h15 \u00e0 18h<\/p>\n<p>Samedi de 12h \u00e0 13h30<\/p>\n<h3 style=\"text-decoration:underline;\" class=\"mt-4\">Horraire de Karat\u00e9 libre<\/h3>\n<p>Mardi et Jeudi de 18h \u00e0 19h<\/p>\n<p>Samedi de 11h \u00e0 12h<\/p>\n<\/p><\/div>\n<div>\n<h3 style=\"text-decoration:underline;\">Horaire de la saison 2025-2026<\/h3>\n<p>\t\t\t\t\t<img decoding=\"async\" src=\"https:\/\/apexkarate.ca\/wp-content\/uploads\/2025\/08\/Horaire-septembre-2025.jpg\">\n\t\t\t\t<\/div>\n<\/p><\/div>\n<\/p><\/div>\n<\/p><\/div>\n<\/section>\n","protected":false},"excerpt":{"rendered":"<p>Horaire &amp;lt;img data-lazy-fallback=\u00a0\u00bb1&Prime; class=\u00a0\u00bbimg-fluid\u00a0\u00bb src=\u00a0\u00bbhttps:\/\/apexkarate.ca\/wp-content\/uploads\/2023\/08\/horraire_cropped.jpg\u00a0\u00bb alt=\u00a0\u00bb\u00a0\u00bb&amp;gt; Horraire de OPEN GYM Cross training Mardi et Jeudi de 12h \u00e0 12h45 Lundi et Mercredi de 17h15 \u00e0 18h Samedi de 12h \u00e0 13h30 Horraire de Karat\u00e9 libre Mardi et Jeudi de 18h \u00e0 19h Samedi de 11h \u00e0 12h Horaire de la saison 2025-2026<\/p>\n","protected":false},"author":1,"featured_media":0,"parent":0,"menu_order":0,"comment_status":"closed","ping_status":"closed","template":"","meta":{"footnotes":""},"class_list":["post-448","page","type-page","status-publish","hentry"],"yoast_head":"<!-- This site is optimized with the Yoast SEO plugin v27.5 - https:\/\/yoast.com\/product\/yoast-seo-wordpress\/ -->\n<title>APEX Karat\u00e9 Dojo | Horaires Cours de Karat\u00e9 et Crosstraining<\/title>\n<meta name=\"robots\" content=\"index, follow, max-snippet:-1, max-image-preview:large, max-video-preview:-1\" \/>\n<link rel=\"canonical\" href=\"https:\/\/apexkarate.ca\/fr\/horaires\/\" \/>\n<meta property=\"og:locale\" content=\"fr_FR\" \/>\n<meta property=\"og:type\" content=\"article\" \/>\n<meta property=\"og:title\" content=\"APEX Karat\u00e9 Dojo | Horaires Cours de Karat\u00e9 et Crosstraining\" \/>\n<meta property=\"og:description\" content=\"Horaire &amp;lt;img data-lazy-fallback=\u00a0\u00bb1&Prime; class=\u00a0\u00bbimg-fluid\u00a0\u00bb src=\u00a0\u00bbhttps:\/\/apexkarate.ca\/wp-content\/uploads\/2023\/08\/horraire_cropped.jpg\u00a0\u00bb alt=\u00a0\u00bb\u00a0\u00bb&amp;gt; Horraire de OPEN GYM Cross training Mardi et Jeudi de 12h \u00e0 12h45 Lundi et Mercredi de 17h15 \u00e0 18h Samedi de 12h \u00e0 13h30 Horraire de Karat\u00e9 libre Mardi et Jeudi de 18h \u00e0 19h Samedi de 11h \u00e0 12h Horaire de la saison 2025-2026\" \/>\n<meta property=\"og:url\" content=\"https:\/\/apexkarate.ca\/fr\/horaires\/\" \/>\n<meta property=\"og:site_name\" content=\"APEX Karat\u00e9 Dojo\" \/>\n<meta property=\"article:modified_time\" content=\"2025-08-12T20:53:30+00:00\" \/>\n<meta property=\"og:image\" content=\"https:\/\/apexkarate.ca\/wp-content\/uploads\/2024\/08\/Horaire-saison-2024-2025-v3.jpg\" \/>\n<meta name=\"twitter:card\" content=\"summary_large_image\" \/>\n<script type=\"application\/ld+json\" class=\"yoast-schema-graph\">{\"@context\":\"https:\\\/\\\/schema.org\",\"@graph\":[{\"@type\":\"WebPage\",\"@id\":\"https:\\\/\\\/apexkarate.ca\\\/fr\\\/horaires\\\/\",\"url\":\"https:\\\/\\\/apexkarate.ca\\\/fr\\\/horaires\\\/\",\"name\":\"APEX Karat\u00e9 Dojo | Horaires Cours de Karat\u00e9 et Crosstraining\",\"isPartOf\":{\"@id\":\"https:\\\/\\\/apexkarate.ca\\\/fr\\\/#website\"},\"primaryImageOfPage\":{\"@id\":\"https:\\\/\\\/apexkarate.ca\\\/fr\\\/horaires\\\/#primaryimage\"},\"image\":{\"@id\":\"https:\\\/\\\/apexkarate.ca\\\/fr\\\/horaires\\\/#primaryimage\"},\"thumbnailUrl\":\"https:\\\/\\\/apexkarate.ca\\\/wp-content\\\/uploads\\\/2024\\\/08\\\/Horaire-saison-2024-2025-v3.jpg\",\"datePublished\":\"2019-08-23T15:25:27+00:00\",\"dateModified\":\"2025-08-12T20:53:30+00:00\",\"breadcrumb\":{\"@id\":\"https:\\\/\\\/apexkarate.ca\\\/fr\\\/horaires\\\/#breadcrumb\"},\"inLanguage\":\"fr-FR\",\"potentialAction\":[{\"@type\":\"ReadAction\",\"target\":[\"https:\\\/\\\/apexkarate.ca\\\/fr\\\/horaires\\\/\"]}]},{\"@type\":\"ImageObject\",\"inLanguage\":\"fr-FR\",\"@id\":\"https:\\\/\\\/apexkarate.ca\\\/fr\\\/horaires\\\/#primaryimage\",\"url\":\"https:\\\/\\\/apexkarate.ca\\\/wp-content\\\/uploads\\\/2024\\\/08\\\/Horaire-saison-2024-2025-v3.jpg\",\"contentUrl\":\"https:\\\/\\\/apexkarate.ca\\\/wp-content\\\/uploads\\\/2024\\\/08\\\/Horaire-saison-2024-2025-v3.jpg\"},{\"@type\":\"BreadcrumbList\",\"@id\":\"https:\\\/\\\/apexkarate.ca\\\/fr\\\/horaires\\\/#breadcrumb\",\"itemListElement\":[{\"@type\":\"ListItem\",\"position\":1,\"name\":\"Accueil\",\"item\":\"https:\\\/\\\/apexkarate.ca\\\/fr\\\/\"},{\"@type\":\"ListItem\",\"position\":2,\"name\":\"Horaires\"}]},{\"@type\":\"WebSite\",\"@id\":\"https:\\\/\\\/apexkarate.ca\\\/fr\\\/#website\",\"url\":\"https:\\\/\\\/apexkarate.ca\\\/fr\\\/\",\"name\":\"APEX Karat\u00e9 Dojo\",\"description\":\"\",\"publisher\":{\"@id\":\"https:\\\/\\\/apexkarate.ca\\\/fr\\\/#organization\"},\"potentialAction\":[{\"@type\":\"SearchAction\",\"target\":{\"@type\":\"EntryPoint\",\"urlTemplate\":\"https:\\\/\\\/apexkarate.ca\\\/fr\\\/?s={search_term_string}\"},\"query-input\":{\"@type\":\"PropertyValueSpecification\",\"valueRequired\":true,\"valueName\":\"search_term_string\"}}],\"inLanguage\":\"fr-FR\"},{\"@type\":\"Organization\",\"@id\":\"https:\\\/\\\/apexkarate.ca\\\/fr\\\/#organization\",\"name\":\"APEX Karat\u00e9 Dojo\",\"url\":\"https:\\\/\\\/apexkarate.ca\\\/fr\\\/\",\"logo\":{\"@type\":\"ImageObject\",\"inLanguage\":\"fr-FR\",\"@id\":\"https:\\\/\\\/apexkarate.ca\\\/fr\\\/#\\\/schema\\\/logo\\\/image\\\/\",\"url\":\"https:\\\/\\\/apexkarate.ca\\\/wp-content\\\/uploads\\\/2024\\\/04\\\/cropped-apex-karate-dojo-logo-principal-cropped-1.jpg\",\"contentUrl\":\"https:\\\/\\\/apexkarate.ca\\\/wp-content\\\/uploads\\\/2024\\\/04\\\/cropped-apex-karate-dojo-logo-principal-cropped-1.jpg\",\"width\":320,\"height\":95,\"caption\":\"APEX Karat\u00e9 Dojo\"},\"image\":{\"@id\":\"https:\\\/\\\/apexkarate.ca\\\/fr\\\/#\\\/schema\\\/logo\\\/image\\\/\"}}]}<\/script>\n<!-- \/ Yoast SEO plugin. -->","yoast_head_json":{"title":"APEX Karat\u00e9 Dojo | Horaires Cours de Karat\u00e9 et Crosstraining","robots":{"index":"index","follow":"follow","max-snippet":"max-snippet:-1","max-image-preview":"max-image-preview:large","max-video-preview":"max-video-preview:-1"},"canonical":"https:\/\/apexkarate.ca\/fr\/horaires\/","og_locale":"fr_FR","og_type":"article","og_title":"APEX Karat\u00e9 Dojo | Horaires Cours de Karat\u00e9 et Crosstraining","og_description":"Horaire &amp;lt;img data-lazy-fallback=\u00a0\u00bb1&Prime; class=\u00a0\u00bbimg-fluid\u00a0\u00bb src=\u00a0\u00bbhttps:\/\/apexkarate.ca\/wp-content\/uploads\/2023\/08\/horraire_cropped.jpg\u00a0\u00bb alt=\u00a0\u00bb\u00a0\u00bb&amp;gt; Horraire de OPEN GYM Cross training Mardi et Jeudi de 12h \u00e0 12h45 Lundi et Mercredi de 17h15 \u00e0 18h Samedi de 12h \u00e0 13h30 Horraire de Karat\u00e9 libre Mardi et Jeudi de 18h \u00e0 19h Samedi de 11h \u00e0 12h Horaire de la saison 2025-2026","og_url":"https:\/\/apexkarate.ca\/fr\/horaires\/","og_site_name":"APEX Karat\u00e9 Dojo","article_modified_time":"2025-08-12T20:53:30+00:00","og_image":[{"url":"https:\/\/apexkarate.ca\/wp-content\/uploads\/2024\/08\/Horaire-saison-2024-2025-v3.jpg","type":"","width":"","height":""}],"twitter_card":"summary_large_image","schema":{"@context":"https:\/\/schema.org","@graph":[{"@type":"WebPage","@id":"https:\/\/apexkarate.ca\/fr\/horaires\/","url":"https:\/\/apexkarate.ca\/fr\/horaires\/","name":"APEX Karat\u00e9 Dojo | Horaires Cours de Karat\u00e9 et Crosstraining","isPartOf":{"@id":"https:\/\/apexkarate.ca\/fr\/#website"},"primaryImageOfPage":{"@id":"https:\/\/apexkarate.ca\/fr\/horaires\/#primaryimage"},"image":{"@id":"https:\/\/apexkarate.ca\/fr\/horaires\/#primaryimage"},"thumbnailUrl":"https:\/\/apexkarate.ca\/wp-content\/uploads\/2024\/08\/Horaire-saison-2024-2025-v3.jpg","datePublished":"2019-08-23T15:25:27+00:00","dateModified":"2025-08-12T20:53:30+00:00","breadcrumb":{"@id":"https:\/\/apexkarate.ca\/fr\/horaires\/#breadcrumb"},"inLanguage":"fr-FR","potentialAction":[{"@type":"ReadAction","target":["https:\/\/apexkarate.ca\/fr\/horaires\/"]}]},{"@type":"ImageObject","inLanguage":"fr-FR","@id":"https:\/\/apexkarate.ca\/fr\/horaires\/#primaryimage","url":"https:\/\/apexkarate.ca\/wp-content\/uploads\/2024\/08\/Horaire-saison-2024-2025-v3.jpg","contentUrl":"https:\/\/apexkarate.ca\/wp-content\/uploads\/2024\/08\/Horaire-saison-2024-2025-v3.jpg"},{"@type":"BreadcrumbList","@id":"https:\/\/apexkarate.ca\/fr\/horaires\/#breadcrumb","itemListElement":[{"@type":"ListItem","position":1,"name":"Accueil","item":"https:\/\/apexkarate.ca\/fr\/"},{"@type":"ListItem","position":2,"name":"Horaires"}]},{"@type":"WebSite","@id":"https:\/\/apexkarate.ca\/fr\/#website","url":"https:\/\/apexkarate.ca\/fr\/","name":"APEX Karat\u00e9 Dojo","description":"","publisher":{"@id":"https:\/\/apexkarate.ca\/fr\/#organization"},"potentialAction":[{"@type":"SearchAction","target":{"@type":"EntryPoint","urlTemplate":"https:\/\/apexkarate.ca\/fr\/?s={search_term_string}"},"query-input":{"@type":"PropertyValueSpecification","valueRequired":true,"valueName":"search_term_string"}}],"inLanguage":"fr-FR"},{"@type":"Organization","@id":"https:\/\/apexkarate.ca\/fr\/#organization","name":"APEX Karat\u00e9 Dojo","url":"https:\/\/apexkarate.ca\/fr\/","logo":{"@type":"ImageObject","inLanguage":"fr-FR","@id":"https:\/\/apexkarate.ca\/fr\/#\/schema\/logo\/image\/","url":"https:\/\/apexkarate.ca\/wp-content\/uploads\/2024\/04\/cropped-apex-karate-dojo-logo-principal-cropped-1.jpg","contentUrl":"https:\/\/apexkarate.ca\/wp-content\/uploads\/2024\/04\/cropped-apex-karate-dojo-logo-principal-cropped-1.jpg","width":320,"height":95,"caption":"APEX Karat\u00e9 Dojo"},"image":{"@id":"https:\/\/apexkarate.ca\/fr\/#\/schema\/logo\/image\/"}}]}},"_links":{"self":[{"href":"https:\/\/apexkarate.ca\/fr\/wp-json\/wp\/v2\/pages\/448","targetHints":{"allow":["GET"]}}],"collection":[{"href":"https:\/\/apexkarate.ca\/fr\/wp-json\/wp\/v2\/pages"}],"about":[{"href":"https:\/\/apexkarate.ca\/fr\/wp-json\/wp\/v2\/types\/page"}],"author":[{"embeddable":true,"href":"https:\/\/apexkarate.ca\/fr\/wp-json\/wp\/v2\/users\/1"}],"replies":[{"embeddable":true,"href":"https:\/\/apexkarate.ca\/fr\/wp-json\/wp\/v2\/comments?post=448"}],"version-history":[{"count":57,"href":"https:\/\/apexkarate.ca\/fr\/wp-json\/wp\/v2\/pages\/448\/revisions"}],"predecessor-version":[{"id":1097,"href":"https:\/\/apexkarate.ca\/fr\/wp-json\/wp\/v2\/pages\/448\/revisions\/1097"}],"wp:attachment":[{"href":"https:\/\/apexkarate.ca\/fr\/wp-json\/wp\/v2\/media?parent=448"}],"curies":[{"name":"wp","href":"https:\/\/api.w.org\/{rel}","templated":true}]}}