{"id":100,"date":"2019-03-28T18:21:19","date_gmt":"2019-03-28T18:21:19","guid":{"rendered":"https:\/\/apexkarate.ca\/?page_id=100"},"modified":"2024-04-17T15:36:38","modified_gmt":"2024-04-17T15:36:38","slug":"contact","status":"publish","type":"page","link":"https:\/\/apexkarate.ca\/fr\/contact\/","title":{"rendered":"Contact"},"content":{"rendered":"<section class=\"top_container\">\n<div class=\"container\">\n<div class=\"row\">\n<div class=\"col-md-12\">\n<div class=\"lc-block\"><\/div>\n<\/p><\/div>\n<\/p><\/div>\n<\/p><\/div>\n<\/section>\n<section>\n<div lc-helper=\"shortcode\" class=\"live-shortcode\"><\/div>\n<\/section>\n<section class=\"maintext_container fr\">\n<div class=\"container\">\n<div class=\"row\">\n<div class=\"col-lg-8 order-last order-lg-first\">\n<div class=\"lc-block\">\n<div lc-helper=\"shortcode\" class=\"live-shortcode\">\n<div class=\"wpcf7 no-js\" id=\"wpcf7-f7-o1\" lang=\"fr-FR\" dir=\"ltr\" data-wpcf7-id=\"7\">\n<div class=\"screen-reader-response\"><p role=\"status\" aria-live=\"polite\" aria-atomic=\"true\"><\/p> <ul><\/ul><\/div>\n<form action=\"\/fr\/wp-json\/wp\/v2\/pages\/100#wpcf7-f7-o1\" method=\"post\" class=\"wpcf7-form init\" aria-label=\"Formulaire de contact\" novalidate=\"novalidate\" data-status=\"init\">\n<fieldset class=\"hidden-fields-container\"><input type=\"hidden\" name=\"_wpcf7\" value=\"7\" \/><input type=\"hidden\" name=\"_wpcf7_version\" value=\"6.1.5\" \/><input type=\"hidden\" name=\"_wpcf7_locale\" value=\"fr_FR\" \/><input type=\"hidden\" name=\"_wpcf7_unit_tag\" value=\"wpcf7-f7-o1\" \/><input type=\"hidden\" name=\"_wpcf7_container_post\" value=\"0\" \/><input type=\"hidden\" name=\"_wpcf7_posted_data_hash\" value=\"\" \/><input type=\"hidden\" name=\"_wpcf7_recaptcha_response\" value=\"\" \/>\n<\/fieldset>\n<div class=\"theForm\">\n\t<h1>Nous joindre\n\t<\/h1>\n\t<div class='column d-flex align-items-center'>\n\t\t<p><label for='your-sujet'>Sujet *<\/label><span class='wpcf7-form-control-wrap your-sujet'><select name='your-sujet' id='your-sujet' class='wpcf7-form-control wpcf7-select wpcf7-validates-as-required' aria-required='true' aria-invalid='false'><option value=''>Veuillez choisir...<\/option><option value=\"Karat\u00e9\">Karat\u00e9<\/option><option value=\"CrossTraining\">CrossTraining<\/option><option value=\"Camp de jour\">Camp de jour<\/option><option value=\"Inscription Karat\u00e9\" >Inscription Karat\u00e9<\/option><option value=\"Inscription CrossTraining (\u00e0 partir de 12 ans)\" >Inscription CrossTraining (\u00e0 partir de 12 ans)<\/option><option value=\"Inscription mini-karat\u00e9 3 \u00e0 5 ans\" >Inscription mini-karat\u00e9 3 \u00e0 5 ans<\/option><option value=\"Avoir de l'information\">Avoir de l'information<\/option><\/select><\/span>\n\t\t<\/p>\n\t<\/div>\n\t<div class='column d-flex align-items-center'>\n\t\t<p><label for='your-name'>Nom complet *<\/label><span class=\"wpcf7-form-control-wrap\" data-name=\"your-name\"><input size=\"40\" maxlength=\"400\" class=\"wpcf7-form-control wpcf7-text wpcf7-validates-as-required\" id=\"your-name\" aria-required=\"true\" aria-invalid=\"false\" value=\"\" type=\"text\" name=\"your-name\" \/><\/span>\n\t\t<\/p>\n\t<\/div>\n\t<div class='column d-flex align-items-center'>\n\t\t<p><label for='your-email'>Courriel *<\/label><span class=\"wpcf7-form-control-wrap\" data-name=\"your-email\"><input size=\"40\" maxlength=\"400\" class=\"wpcf7-form-control wpcf7-email wpcf7-validates-as-required wpcf7-text wpcf7-validates-as-email\" id=\"your-email\" aria-required=\"true\" aria-invalid=\"false\" value=\"\" type=\"email\" name=\"your-email\" \/><\/span>\n\t\t<\/p>\n\t<\/div>\n\t<div class='column d-flex align-items-center'>\n\t\t<p><label for='your-tel'>T\u00e9l\u00e9phone *<\/label><span class=\"wpcf7-form-control-wrap\" data-name=\"your-tel\"><input size=\"40\" maxlength=\"400\" class=\"wpcf7-form-control wpcf7-tel wpcf7-validates-as-required wpcf7-text wpcf7-validates-as-tel\" id=\"your-tel\" aria-required=\"true\" aria-invalid=\"false\" value=\"\" type=\"tel\" name=\"your-tel\" \/><\/span>\n\t\t<\/p>\n\t<\/div>\n\t<div class='column d-flex'>\n\t\t<p><label for='your-message'>Message *<\/label><span class=\"wpcf7-form-control-wrap\" data-name=\"your-message\"><textarea cols=\"40\" rows=\"5\" maxlength=\"2000\" class=\"wpcf7-form-control wpcf7-textarea wpcf7-validates-as-required\" id=\"your-message\" aria-required=\"true\" aria-invalid=\"false\" name=\"your-message\"><\/textarea><\/span>\n\t\t<\/p>\n\t<\/div>\n\t<div class='column d-flex justify-content-end'>\n\t\t<p><span class=\"wpcf7-form-control-wrap\" data-name=\"confEmail\"><input size=\"40\" maxlength=\"400\" class=\"wpcf7-form-control wpcf7-text\" id=\"confEmail\" aria-invalid=\"false\" value=\"\" type=\"text\" name=\"confEmail\" \/><\/span><input class=\"wpcf7-form-control wpcf7-submit has-spinner btn contact fr blanc-border blanc-text\" type=\"submit\" value=\"Soumettre\" \/><input class=\"wpcf7-form-control wpcf7-submit has-spinner btn contact en blanc-border blanc-text\" type=\"submit\" value=\"Submit\" \/>\n\t\t<\/p>\n\t<\/div>\n<\/div><div class=\"wpcf7-response-output\" aria-hidden=\"true\"><\/div>\n<\/form>\n<\/div>\n<\/div>\n<\/p><\/div>\n<\/p><\/div>\n<div class=\"col-lg-4 order-first order-lg-last\">\n<div class=\"lc-block\">\n<div lc-helper=\"shortcode\" class=\"live-shortcode\"><div class='sidebar-infos'><p class='comp_name'>APEX Karat\u00e9 Dojo<\/p><p class='adr'>867 Boul St-Ren\u00e9 O, <br\/>Gatineau (QC) J8T 7X6<\/p><p class='tel'><span>T\u00e9l\u00e9phone :<\/span>819 209-2871<br>819 209-9206<\/p><a href='' class='btn contact blanc-border blanc-text d-lg-none' rel='noopener' target='_blank'>Voir map<\/a><\/div><iframe src=\"https:\/\/www.google.com\/maps\/embed?pb=!1m18!1m12!1m3!1d2796.998798702948!2d-75.69011128461678!3d45.489968939745!2m3!1f0!2f0!3f0!3m2!1i1024!2i768!4f13.1!3m3!1m2!1s0x4cce1b72b999a77f%3A0x8b1e809462a4c905!2sLarouche+Karat%C3%A9!5e0!3m2!1sen!2sca!4v1554125672380!5m2!1sen!2sca\" class=\"map_iframe\" height=\"350\" style=\"border:0\" allowfullscreen><\/iframe><\/div>\n<\/p><\/div>\n<\/p><\/div>\n<\/p><\/div>\n<\/p><\/div>\n<\/section>\n","protected":false},"excerpt":{"rendered":"","protected":false},"author":1,"featured_media":0,"parent":0,"menu_order":0,"comment_status":"closed","ping_status":"closed","template":"","meta":{"footnotes":""},"class_list":["post-100","page","type-page","status-publish","hentry"],"yoast_head":"<!-- This site is optimized with the Yoast SEO plugin v27.2 - https:\/\/yoast.com\/product\/yoast-seo-wordpress\/ -->\n<title>APEX Karat\u00e9 Dojo | Contactez-nous d\u00e8s aujourd&#039;hui<\/title>\n<meta name=\"description\" content=\"APEX Karat\u00e9 Dojo | Contactez-nous d\u00e8s aujourd&#039;hui\" \/>\n<meta name=\"robots\" content=\"index, follow, max-snippet:-1, max-image-preview:large, max-video-preview:-1\" \/>\n<link rel=\"canonical\" href=\"https:\/\/apexkarate.ca\/fr\/contact\/\" \/>\n<meta property=\"og:locale\" content=\"fr_FR\" \/>\n<meta property=\"og:type\" content=\"article\" \/>\n<meta property=\"og:title\" content=\"APEX Karat\u00e9 Dojo | Contactez-nous d\u00e8s aujourd&#039;hui\" \/>\n<meta property=\"og:description\" content=\"APEX Karat\u00e9 Dojo | Contactez-nous d\u00e8s aujourd&#039;hui\" \/>\n<meta property=\"og:url\" content=\"https:\/\/apexkarate.ca\/fr\/contact\/\" \/>\n<meta property=\"og:site_name\" content=\"APEX Karat\u00e9 Dojo\" \/>\n<meta property=\"article:modified_time\" content=\"2024-04-17T15:36:38+00:00\" \/>\n<meta name=\"twitter:card\" content=\"summary_large_image\" \/>\n<script type=\"application\/ld+json\" class=\"yoast-schema-graph\">{\"@context\":\"https:\/\/schema.org\",\"@graph\":[{\"@type\":\"WebPage\",\"@id\":\"https:\/\/apexkarate.ca\/fr\/contact\/\",\"url\":\"https:\/\/apexkarate.ca\/fr\/contact\/\",\"name\":\"APEX Karat\u00e9 Dojo | Contactez-nous d\u00e8s aujourd'hui\",\"isPartOf\":{\"@id\":\"https:\/\/apexkarate.ca\/fr\/#website\"},\"datePublished\":\"2019-03-28T18:21:19+00:00\",\"dateModified\":\"2024-04-17T15:36:38+00:00\",\"description\":\"APEX Karat\u00e9 Dojo | Contactez-nous d\u00e8s aujourd'hui\",\"breadcrumb\":{\"@id\":\"https:\/\/apexkarate.ca\/fr\/contact\/#breadcrumb\"},\"inLanguage\":\"fr-FR\",\"potentialAction\":[{\"@type\":\"ReadAction\",\"target\":[\"https:\/\/apexkarate.ca\/fr\/contact\/\"]}]},{\"@type\":\"BreadcrumbList\",\"@id\":\"https:\/\/apexkarate.ca\/fr\/contact\/#breadcrumb\",\"itemListElement\":[{\"@type\":\"ListItem\",\"position\":1,\"name\":\"Accueil\",\"item\":\"https:\/\/apexkarate.ca\/fr\/\"},{\"@type\":\"ListItem\",\"position\":2,\"name\":\"Contact\"}]},{\"@type\":\"WebSite\",\"@id\":\"https:\/\/apexkarate.ca\/fr\/#website\",\"url\":\"https:\/\/apexkarate.ca\/fr\/\",\"name\":\"APEX Karat\u00e9 Dojo\",\"description\":\"\",\"publisher\":{\"@id\":\"https:\/\/apexkarate.ca\/fr\/#organization\"},\"potentialAction\":[{\"@type\":\"SearchAction\",\"target\":{\"@type\":\"EntryPoint\",\"urlTemplate\":\"https:\/\/apexkarate.ca\/fr\/?s={search_term_string}\"},\"query-input\":{\"@type\":\"PropertyValueSpecification\",\"valueRequired\":true,\"valueName\":\"search_term_string\"}}],\"inLanguage\":\"fr-FR\"},{\"@type\":\"Organization\",\"@id\":\"https:\/\/apexkarate.ca\/fr\/#organization\",\"name\":\"APEX Karat\u00e9 Dojo\",\"url\":\"https:\/\/apexkarate.ca\/fr\/\",\"logo\":{\"@type\":\"ImageObject\",\"inLanguage\":\"fr-FR\",\"@id\":\"https:\/\/apexkarate.ca\/fr\/#\/schema\/logo\/image\/\",\"url\":\"https:\/\/apexkarate.ca\/wp-content\/uploads\/2024\/04\/cropped-apex-karate-dojo-logo-principal-cropped-1.jpg\",\"contentUrl\":\"https:\/\/apexkarate.ca\/wp-content\/uploads\/2024\/04\/cropped-apex-karate-dojo-logo-principal-cropped-1.jpg\",\"width\":320,\"height\":95,\"caption\":\"APEX Karat\u00e9 Dojo\"},\"image\":{\"@id\":\"https:\/\/apexkarate.ca\/fr\/#\/schema\/logo\/image\/\"}}]}<\/script>\n<!-- \/ Yoast SEO plugin. -->","yoast_head_json":{"title":"APEX Karat\u00e9 Dojo | Contactez-nous d\u00e8s aujourd'hui","description":"APEX Karat\u00e9 Dojo | Contactez-nous d\u00e8s aujourd'hui","robots":{"index":"index","follow":"follow","max-snippet":"max-snippet:-1","max-image-preview":"max-image-preview:large","max-video-preview":"max-video-preview:-1"},"canonical":"https:\/\/apexkarate.ca\/fr\/contact\/","og_locale":"fr_FR","og_type":"article","og_title":"APEX Karat\u00e9 Dojo | Contactez-nous d\u00e8s aujourd'hui","og_description":"APEX Karat\u00e9 Dojo | Contactez-nous d\u00e8s aujourd'hui","og_url":"https:\/\/apexkarate.ca\/fr\/contact\/","og_site_name":"APEX Karat\u00e9 Dojo","article_modified_time":"2024-04-17T15:36:38+00:00","twitter_card":"summary_large_image","schema":{"@context":"https:\/\/schema.org","@graph":[{"@type":"WebPage","@id":"https:\/\/apexkarate.ca\/fr\/contact\/","url":"https:\/\/apexkarate.ca\/fr\/contact\/","name":"APEX Karat\u00e9 Dojo | Contactez-nous d\u00e8s aujourd'hui","isPartOf":{"@id":"https:\/\/apexkarate.ca\/fr\/#website"},"datePublished":"2019-03-28T18:21:19+00:00","dateModified":"2024-04-17T15:36:38+00:00","description":"APEX Karat\u00e9 Dojo | Contactez-nous d\u00e8s aujourd'hui","breadcrumb":{"@id":"https:\/\/apexkarate.ca\/fr\/contact\/#breadcrumb"},"inLanguage":"fr-FR","potentialAction":[{"@type":"ReadAction","target":["https:\/\/apexkarate.ca\/fr\/contact\/"]}]},{"@type":"BreadcrumbList","@id":"https:\/\/apexkarate.ca\/fr\/contact\/#breadcrumb","itemListElement":[{"@type":"ListItem","position":1,"name":"Accueil","item":"https:\/\/apexkarate.ca\/fr\/"},{"@type":"ListItem","position":2,"name":"Contact"}]},{"@type":"WebSite","@id":"https:\/\/apexkarate.ca\/fr\/#website","url":"https:\/\/apexkarate.ca\/fr\/","name":"APEX Karat\u00e9 Dojo","description":"","publisher":{"@id":"https:\/\/apexkarate.ca\/fr\/#organization"},"potentialAction":[{"@type":"SearchAction","target":{"@type":"EntryPoint","urlTemplate":"https:\/\/apexkarate.ca\/fr\/?s={search_term_string}"},"query-input":{"@type":"PropertyValueSpecification","valueRequired":true,"valueName":"search_term_string"}}],"inLanguage":"fr-FR"},{"@type":"Organization","@id":"https:\/\/apexkarate.ca\/fr\/#organization","name":"APEX Karat\u00e9 Dojo","url":"https:\/\/apexkarate.ca\/fr\/","logo":{"@type":"ImageObject","inLanguage":"fr-FR","@id":"https:\/\/apexkarate.ca\/fr\/#\/schema\/logo\/image\/","url":"https:\/\/apexkarate.ca\/wp-content\/uploads\/2024\/04\/cropped-apex-karate-dojo-logo-principal-cropped-1.jpg","contentUrl":"https:\/\/apexkarate.ca\/wp-content\/uploads\/2024\/04\/cropped-apex-karate-dojo-logo-principal-cropped-1.jpg","width":320,"height":95,"caption":"APEX Karat\u00e9 Dojo"},"image":{"@id":"https:\/\/apexkarate.ca\/fr\/#\/schema\/logo\/image\/"}}]}},"_links":{"self":[{"href":"https:\/\/apexkarate.ca\/fr\/wp-json\/wp\/v2\/pages\/100","targetHints":{"allow":["GET"]}}],"collection":[{"href":"https:\/\/apexkarate.ca\/fr\/wp-json\/wp\/v2\/pages"}],"about":[{"href":"https:\/\/apexkarate.ca\/fr\/wp-json\/wp\/v2\/types\/page"}],"author":[{"embeddable":true,"href":"https:\/\/apexkarate.ca\/fr\/wp-json\/wp\/v2\/users\/1"}],"replies":[{"embeddable":true,"href":"https:\/\/apexkarate.ca\/fr\/wp-json\/wp\/v2\/comments?post=100"}],"version-history":[{"count":8,"href":"https:\/\/apexkarate.ca\/fr\/wp-json\/wp\/v2\/pages\/100\/revisions"}],"predecessor-version":[{"id":883,"href":"https:\/\/apexkarate.ca\/fr\/wp-json\/wp\/v2\/pages\/100\/revisions\/883"}],"wp:attachment":[{"href":"https:\/\/apexkarate.ca\/fr\/wp-json\/wp\/v2\/media?parent=100"}],"curies":[{"name":"wp","href":"https:\/\/api.w.org\/{rel}","templated":true}]}}